{"id":314,"date":"2021-02-17T14:24:13","date_gmt":"2021-02-17T14:24:13","guid":{"rendered":"https:\/\/bionik.mydesign.ga\/?page_id=3"},"modified":"2025-11-06T19:52:55","modified_gmt":"2025-11-06T19:52:55","slug":"privacy-policy","status":"publish","type":"page","link":"https:\/\/bionik.com.pl\/en\/privacy-policy\/","title":{"rendered":"Privacy Policy"},"content":{"rendered":"<section  class='av_textblock_section av-klhxp60u-7fb1344bf1366cd6cd487dbae5f0ebc4 '   itemscope=\"itemscope\" itemtype=\"https:\/\/schema.org\/CreativeWork\" ><div class='avia_textblock'  itemprop=\"text\" ><span class=\"\" style=\"display:block;clear:both;height: 0px;padding-top: 50px;border-top-width:0px;border-bottom-width:0px;\"><\/span>\n<h2 class=\"wp-block-heading\">Our Privacy Policy<\/h2>\n<p>This Privacy Policy applies to the website: https:\/\/bionik.com.pl\/en\/, hereinafter referred to as the Website<\/p>\n<h3 class=\"wp-block-heading\">Security<\/h3>\n<p>We place great importance on protecting the privacy and confidentiality of personal data entered into electronic forms on the bionik.com.pl website and assure you that the Administrator carefully selects and implements appropriate technical and organizational measures to ensure the protection of Users&#8217; personal data being processed.<br \/>Please be advised that all connections to our website are encrypted for your security using a dedicated certificate.<br \/>Personal data are processed in accordance with the Regulation (EU) of the European Parliament and of the Council of 27 April 2016 on the protection of natural persons with regard to the processing of personal data and on the free movement of such data, and repealing Directive 95\/46\/EC (hereinafter referred to as &#8220;GDPR&#8221;), the Personal Data Protection Act of 10 May 2018, and the Act on the provision of services by electronic means. Providing personal data and consenting to their processing is entirely voluntary. All personal data provided to us is processed only to the extent and for the purpose for which you have consented.<\/p>\n<h3 class=\"wp-block-heading\">Who is the Data Controller of the personal data of the Website?<\/h3>\n<p>The Data Controller of the personal data of the Website (hereinafter referred to as the Controller): Bionik Sebastian Sobczak, Obornicka Str 309, 60-689 Poznan. Bionik is also the Controller of the personal data entered into the contact form.<\/p>\n<p><strong>Contact form available at https:\/\/bionik.com.pl\/en\/contact\/<\/strong><br \/>A contact form is provided on the Website to provide you with contact options. The Website only uses your personal data voluntarily entered into the contact form.<\/p>\n<p><strong>Do we share your data with anyone?<\/strong><\/p>\n<p>No, your data is not shared with any third parties; it is used only for internal processing of your inquiries and orders.<\/p>\n<p><strong>Social Media Integration<\/strong><\/p>\n<p>For your convenience, the Website includes features integrated with external social media platforms (currently: WhatsApp, Facebook\/Messenger). Using this functionality may require sharing your mobile phone number, for example. Using this functionality is optional \u2013 you can use the Website without using external platforms.<\/p>\n<p><!-- \/wp:post-content --><\/p>\n<p><!-- wp:heading {\"level\":3} --><\/p>\n<h3><strong>Your data rights<br \/><\/strong><\/h3>\n<p>According to the GDPR, you have the right to:<br \/>\u2022 access your data and receive a copy of it<br \/>\u2022 rectify (amend, supplement) your data<br \/>\u2022 delete data (processed without justification or based on withdrawn consent)<br \/>\u2022 restrict data processing (suspension of data processing or failure to delete data \u2013 depending on the content of your request)<br \/>\u2022 submit a request to transfer your data to another controller (Article 20 of the GDPR)<br \/>\u2022 object to data processing if your data is processed for direct marketing purposes or the basis for data processing is the Controller&#8217;s legitimate interest or the public interest. You can exercise these rights by contacting us at the email address provided at the end of this Privacy Policy.<br \/>You have the right to lodge a complaint with the supervisory authority, which is the President of the Personal Data Protection Office, if you believe that the processing of your data violates the law.<\/p>\n<p><!-- wp:heading --><\/p>\n<h3>Cookie Policy<!-- \/wp:heading --><\/h3>\n<p><!-- wp:paragraph --><\/p>\n<p>To provide the highest quality services, we use cookies.<br \/>Cookies are small text files sent by the website you are visiting to your device (computer, smartphone, etc.). They do not contain any personal data.<br \/>Using our website means that they will be stored on your device. You can change your browser settings at any time.<br \/>Using the website also requires acceptance of cookies. The website uses cookies to tailor the service to your needs and for statistical purposes.<br \/>In most web browsers, you can: delete cookies from your computer&#8217;s hard drive (using the browser settings), block all cookies, or set a warning before saving them to your hard drive.<\/p>\n<p><!-- wp:heading --><\/p>\n<h3>Privacy Policy Updates<!-- \/wp:heading --><\/h3>\n<p>The Website reserves the right to change its privacy policy if required by applicable law, if the technical conditions of the Website&#8217;s operation change, or if the change introduces a standard required by law.<\/p>\n<p><!-- wp:heading --><\/p>\n<h3>Contact<!-- \/wp:heading --><\/h3>\n<p>If you have any questions or concerns regarding the privacy policy and the security of your personal data, please contact us:<br \/><strong>e-mail: office@bionik.com.pl<\/strong><\/p>\n<p><!-- \/wp:paragraph --><\/p>\n<p><!-- wp:heading --><\/p>\n<p><!-- \/wp:heading --><\/p>\n<p><!-- \/wp:heading --><\/p>\n<\/div><\/section>","protected":false},"excerpt":{"rendered":"{:pl} Nasza Polityka Prywatno\u015bci Niniejsza Polityka Prywatno\u015bci dotyczy strony: https:\/\/bionik.com.pl\/, zwanej dalej Stron\u0105 Internetow\u0105. Bezpiecze\u0144stwo Przyk\u0142adamy du\u017c\u0105 wag\u0119 do ochrony prywatno\u015bci i poufno\u015bci danych osobowych wprowadzanych do formularzy elektronicznych na stronach internetowych bionik.com.pl oraz zapewniamy, \u017ce Administrator z nale\u017cyt\u0105 staranno\u015bci\u0105 dobiera i stosuje odpowiednie \u015brodki techniczne i organizacyjne zapewniaj\u0105ce ochron\u0119 przetwarzanych danych osobowych U\u017cytkownik\u00f3w.Informujemy, i\u017c [...]","protected":false},"author":1,"featured_media":0,"parent":0,"menu_order":0,"comment_status":"closed","ping_status":"open","template":"","meta":{"footnotes":""},"class_list":["post-314","page","type-page","status-publish","hentry"],"translation":{"provider":"WPGlobus","version":"3.0.2","language":"en","enabled_languages":["pl","en"],"languages":{"pl":{"title":true,"content":true,"excerpt":false},"en":{"title":true,"content":true,"excerpt":false}}},"yoast_head":"<!-- This site is optimized with the Yoast SEO plugin v27.4 - https:\/\/yoast.com\/product\/yoast-seo-wordpress\/ -->\n<title>Privacy Policy - Bionik<\/title>\n<meta name=\"description\" content=\"Bionik | Authorized supplier of Sunredbio | Elisa tests | Immunoenzymatic tests | Scientific tests | Reagents | Antibodies | SunredBio Poland\" \/>\n<meta name=\"robots\" content=\"index, follow, max-snippet:-1, max-image-preview:large, max-video-preview:-1\" \/>\n<link rel=\"canonical\" href=\"https:\/\/bionik.com.pl\/privacy-policy\/\" \/>\n<meta property=\"og:locale\" content=\"en_US\" \/>\n<meta property=\"og:type\" content=\"article\" \/>\n<meta property=\"og:title\" content=\"Privacy Policy - Bionik\" \/>\n<meta property=\"og:description\" content=\"Bionik | Authorized supplier of Sunredbio | Elisa tests | Immunoenzymatic tests | Scientific tests | Reagents | Antibodies | SunredBio Poland\" \/>\n<meta property=\"og:url\" content=\"https:\/\/bionik.com.pl\/privacy-policy\/\" \/>\n<meta property=\"og:site_name\" content=\"Bionik\" \/>\n<meta property=\"article:publisher\" content=\"https:\/\/www.facebook.com\/profile.php?id=100063795265784\" \/>\n<meta property=\"article:modified_time\" content=\"2025-11-06T19:52:55+00:00\" \/>\n<meta property=\"og:image\" content=\"https:\/\/bionik.com.pl\/wp-content\/uploads\/2023\/12\/Bionik-01-Yoast1200-675.jpg\" \/>\n\t<meta property=\"og:image:width\" content=\"1200\" \/>\n\t<meta property=\"og:image:height\" content=\"675\" \/>\n\t<meta property=\"og:image:type\" content=\"image\/jpeg\" \/>\n<meta name=\"twitter:card\" content=\"summary_large_image\" \/>\n<meta name=\"twitter:label1\" content=\"Est. reading time\" \/>\n\t<meta name=\"twitter:data1\" content=\"4 minutes\" \/>\n<script type=\"application\/ld+json\" class=\"yoast-schema-graph\">{\"@context\":\"https:\\\/\\\/schema.org\",\"@graph\":[{\"@type\":\"WebPage\",\"@id\":\"https:\\\/\\\/bionik.com.pl\\\/privacy-policy\\\/\",\"url\":\"https:\\\/\\\/bionik.com.pl\\\/privacy-policy\\\/\",\"name\":\"Privacy Policy - Bionik\",\"isPartOf\":{\"@id\":\"https:\\\/\\\/bionik.com.pl\\\/#website\"},\"datePublished\":\"2021-02-17T14:24:13+00:00\",\"dateModified\":\"2025-11-06T19:52:55+00:00\",\"description\":\"Bionik | Authorized supplier of Sunredbio | Elisa tests | Immunoenzymatic tests | Scientific tests | Reagents | Antibodies | SunredBio Poland\",\"breadcrumb\":{\"@id\":\"https:\\\/\\\/bionik.com.pl\\\/privacy-policy\\\/#breadcrumb\"},\"inLanguage\":\"en-US\",\"potentialAction\":[{\"@type\":\"ReadAction\",\"target\":[\"https:\\\/\\\/bionik.com.pl\\\/privacy-policy\\\/\"]}]},{\"@type\":\"BreadcrumbList\",\"@id\":\"https:\\\/\\\/bionik.com.pl\\\/privacy-policy\\\/#breadcrumb\",\"itemListElement\":[{\"@type\":\"ListItem\",\"position\":1,\"name\":\"Strona g\u0142\u00f3wna\",\"item\":\"https:\\\/\\\/bionik.com.pl\\\/\"},{\"@type\":\"ListItem\",\"position\":2,\"name\":\"Polityka prywatno\u015bci\"}]},{\"@type\":\"WebSite\",\"@id\":\"https:\\\/\\\/bionik.com.pl\\\/#website\",\"url\":\"https:\\\/\\\/bionik.com.pl\\\/\",\"name\":\"Bionik - Autoryzowany dostawca SunredBio - Testy Elisa - Dystrybutor odczynnik\u00f3w laboratoryjnych\",\"description\":\"Elisa SunredBio Tests | Immunology | Diagnostic | Antibodies\",\"publisher\":{\"@id\":\"https:\\\/\\\/bionik.com.pl\\\/#organization\"},\"alternateName\":\"Bionik - Elisa - Sunredbio\",\"potentialAction\":[{\"@type\":\"SearchAction\",\"target\":{\"@type\":\"EntryPoint\",\"urlTemplate\":\"https:\\\/\\\/bionik.com.pl\\\/?s={search_term_string}\"},\"query-input\":{\"@type\":\"PropertyValueSpecification\",\"valueRequired\":true,\"valueName\":\"search_term_string\"}}],\"inLanguage\":\"en-US\"},{\"@type\":\"Organization\",\"@id\":\"https:\\\/\\\/bionik.com.pl\\\/#organization\",\"name\":\"Bionik\",\"alternateName\":\"Autoryzowany dostawca Sunredbio\",\"url\":\"https:\\\/\\\/bionik.com.pl\\\/\",\"logo\":{\"@type\":\"ImageObject\",\"inLanguage\":\"en-US\",\"@id\":\"https:\\\/\\\/bionik.com.pl\\\/#\\\/schema\\\/logo\\\/image\\\/\",\"url\":\"https:\\\/\\\/bionik.com.pl\\\/wp-content\\\/uploads\\\/2021\\\/02\\\/Bionik-01-scaled.jpg\",\"contentUrl\":\"https:\\\/\\\/bionik.com.pl\\\/wp-content\\\/uploads\\\/2021\\\/02\\\/Bionik-01-scaled.jpg\",\"width\":2560,\"height\":992,\"caption\":\"Bionik\"},\"image\":{\"@id\":\"https:\\\/\\\/bionik.com.pl\\\/#\\\/schema\\\/logo\\\/image\\\/\"},\"sameAs\":[\"https:\\\/\\\/www.facebook.com\\\/profile.php?id=100063795265784\"]}]}<\/script>\n<!-- \/ Yoast SEO plugin. -->","yoast_head_json":{"title":"Privacy Policy - Bionik","description":"Bionik | Authorized supplier of Sunredbio | Elisa tests | Immunoenzymatic tests | Scientific tests | Reagents | Antibodies | SunredBio Poland","robots":{"index":"index","follow":"follow","max-snippet":"max-snippet:-1","max-image-preview":"max-image-preview:large","max-video-preview":"max-video-preview:-1"},"canonical":"https:\/\/bionik.com.pl\/privacy-policy\/","og_locale":"en_US","og_type":"article","og_title":"Privacy Policy - Bionik","og_description":"Bionik | Authorized supplier of Sunredbio | Elisa tests | Immunoenzymatic tests | Scientific tests | Reagents | Antibodies | SunredBio Poland","og_url":"https:\/\/bionik.com.pl\/privacy-policy\/","og_site_name":"Bionik","article_publisher":"https:\/\/www.facebook.com\/profile.php?id=100063795265784","article_modified_time":"2025-11-06T19:52:55+00:00","og_image":[{"width":1200,"height":675,"url":"https:\/\/bionik.com.pl\/wp-content\/uploads\/2023\/12\/Bionik-01-Yoast1200-675.jpg","type":"image\/jpeg"}],"twitter_card":"summary_large_image","twitter_misc":{"Est. reading time":"4 minutes"},"schema":{"@context":"https:\/\/schema.org","@graph":[{"@type":"WebPage","@id":"https:\/\/bionik.com.pl\/privacy-policy\/","url":"https:\/\/bionik.com.pl\/privacy-policy\/","name":"Privacy Policy - Bionik","isPartOf":{"@id":"https:\/\/bionik.com.pl\/#website"},"datePublished":"2021-02-17T14:24:13+00:00","dateModified":"2025-11-06T19:52:55+00:00","description":"Bionik | Authorized supplier of Sunredbio | Elisa tests | Immunoenzymatic tests | Scientific tests | Reagents | Antibodies | SunredBio Poland","breadcrumb":{"@id":"https:\/\/bionik.com.pl\/privacy-policy\/#breadcrumb"},"inLanguage":"en-US","potentialAction":[{"@type":"ReadAction","target":["https:\/\/bionik.com.pl\/privacy-policy\/"]}]},{"@type":"BreadcrumbList","@id":"https:\/\/bionik.com.pl\/privacy-policy\/#breadcrumb","itemListElement":[{"@type":"ListItem","position":1,"name":"Strona g\u0142\u00f3wna","item":"https:\/\/bionik.com.pl\/"},{"@type":"ListItem","position":2,"name":"Polityka prywatno\u015bci"}]},{"@type":"WebSite","@id":"https:\/\/bionik.com.pl\/#website","url":"https:\/\/bionik.com.pl\/","name":"Bionik - Autoryzowany dostawca SunredBio - Testy Elisa - Dystrybutor odczynnik\u00f3w laboratoryjnych","description":"Elisa SunredBio Tests | Immunology | Diagnostic | Antibodies","publisher":{"@id":"https:\/\/bionik.com.pl\/#organization"},"alternateName":"Bionik - Elisa - Sunredbio","potentialAction":[{"@type":"SearchAction","target":{"@type":"EntryPoint","urlTemplate":"https:\/\/bionik.com.pl\/?s={search_term_string}"},"query-input":{"@type":"PropertyValueSpecification","valueRequired":true,"valueName":"search_term_string"}}],"inLanguage":"en-US"},{"@type":"Organization","@id":"https:\/\/bionik.com.pl\/#organization","name":"Bionik","alternateName":"Autoryzowany dostawca Sunredbio","url":"https:\/\/bionik.com.pl\/","logo":{"@type":"ImageObject","inLanguage":"en-US","@id":"https:\/\/bionik.com.pl\/#\/schema\/logo\/image\/","url":"https:\/\/bionik.com.pl\/wp-content\/uploads\/2021\/02\/Bionik-01-scaled.jpg","contentUrl":"https:\/\/bionik.com.pl\/wp-content\/uploads\/2021\/02\/Bionik-01-scaled.jpg","width":2560,"height":992,"caption":"Bionik"},"image":{"@id":"https:\/\/bionik.com.pl\/#\/schema\/logo\/image\/"},"sameAs":["https:\/\/www.facebook.com\/profile.php?id=100063795265784"]}]}},"jetpack_sharing_enabled":true,"_links":{"self":[{"href":"https:\/\/bionik.com.pl\/en\/wp-json\/wp\/v2\/pages\/314","targetHints":{"allow":["GET"]}}],"collection":[{"href":"https:\/\/bionik.com.pl\/en\/wp-json\/wp\/v2\/pages"}],"about":[{"href":"https:\/\/bionik.com.pl\/en\/wp-json\/wp\/v2\/types\/page"}],"author":[{"embeddable":true,"href":"https:\/\/bionik.com.pl\/en\/wp-json\/wp\/v2\/users\/1"}],"replies":[{"embeddable":true,"href":"https:\/\/bionik.com.pl\/en\/wp-json\/wp\/v2\/comments?post=314"}],"version-history":[{"count":25,"href":"https:\/\/bionik.com.pl\/en\/wp-json\/wp\/v2\/pages\/314\/revisions"}],"predecessor-version":[{"id":896,"href":"https:\/\/bionik.com.pl\/en\/wp-json\/wp\/v2\/pages\/314\/revisions\/896"}],"wp:attachment":[{"href":"https:\/\/bionik.com.pl\/en\/wp-json\/wp\/v2\/media?parent=314"}],"curies":[{"name":"wp","href":"https:\/\/api.w.org\/{rel}","templated":true}]}}